{"id":32054,"date":"2017-07-18T11:46:12","date_gmt":"2017-07-18T11:46:12","guid":{"rendered":"https:\/\/festivalscup.com\/politica-de-privacidad\/"},"modified":"2020-06-24T11:59:58","modified_gmt":"2020-06-24T11:59:58","slug":"privacy-policy","status":"publish","type":"page","link":"https:\/\/festivalscup.com\/en\/privacy-policy\/","title":{"rendered":"Privacy Policy"},"content":{"rendered":"<p><strong>P\u00e1gina web<\/strong>: www.Festivalscup.com<\/p>\n<p><strong>Domicilio social<\/strong>: C\/Camp d\u2019or, 79 17007-Girona<\/p>\n<p><strong>Director de la publicaci\u00f3n<\/strong>:<\/p>\n<p>Los datos personales que el usuario debe facilitar son indispensables para el env\u00edo de los pedidos y redacci\u00f3n de facturas. La ausencia de estos datos conllevar\u00e1 la anulaci\u00f3n autom\u00e1tica de los pedidos.<\/p>\n<p>Al inscribirse en la p\u00e1gina, el usuario se compromete a proporcionar datos personales v\u00e1lidos, datos que permitir\u00e1n la prestaci\u00f3n del servicio por parte de Festivalscup.com y la correcta identificaci\u00f3n del usuario registrado, as\u00ed como el env\u00edo de informaci\u00f3n y publicidad de los diferentes productos y ofertas que Festivalscup.com pueda tener en sus p\u00e1ginas web.<\/p>\n<p>Las comunicaciones comerciales (boletines informativos en forma de correos electr\u00f3nicos proponiendo novedades, liquidaciones u ofertas), se realizar\u00e1n por correo electr\u00f3nico a la direcci\u00f3n de correo electr\u00f3nico facilitada por el usuario, quien, al registrarse, presta su consentimiento expreso para estos env\u00edos publicitarios a trav\u00e9s de correo electr\u00f3nico. Siempre que lo desee, el usuario podr\u00e1 darse de baja de nuestro bolet\u00edn informativo, para dejar de recibir este tipo de correos electr\u00f3nicos. Para darse de baja s\u00f3lo hay que hacer clic en el enlace previsto a tal efecto que aparece al pie de p\u00e1gina de cada uno de los correos electr\u00f3nicos promocionales que enviaremos.<\/p>\n<p>S\u00f3lo Festivalscup.com posee los datos personales del usuario. Los datos facilitados por el usuario se almacenan en un fichero titularidad de Festivalscup.com que cumple con la normativa vigente en materia de protecci\u00f3n de datos y comercio electr\u00f3nico. El responsable de este fichero y su tratamiento es Festivalscup.com.<\/p>\n<p>Festivalscup.com se compromete a cumplir con el deber de secreto de estos datos, as\u00ed como tratarlos con confidencialidad, asumiendo las medidas necesarias para evitar su alteraci\u00f3n, p\u00e9rdida, tratamiento o acceso no autorizado, tal y como se recoge en la Ley Org\u00e1nica 15\/1999 de 13 de diciembre de Protecci\u00f3n de Datos de Car\u00e1cter Personal, el Real Decreto 994\/1999 de 11 de junio y sus normas de desarrollo.<\/p>\n<p>Cualquier usuario registrado podr\u00e1 en cualquier momento ejercer el derecho a acceder, rectificar y, en su caso, cancelar sus datos de car\u00e1cter personal suministrados a Festivalscup.com. Puede hacerlo mediante petici\u00f3n escrita por correo electr\u00f3nico enviado a la direcci\u00f3n: <a href=\"mailto:info@Festivalscup.com\">info@Festivalscup.com<\/a>.<\/p>\n<p>Festivalscup.com se compromete a la no utilizaci\u00f3n de dichos datos personales para fines distintos del objeto del servicio que presta a trav\u00e9s de sus p\u00e1ginas web, p\u00e1ginas que ofrecen informaci\u00f3n sobre ofertas de productos para su venta directa a trav\u00e9s de Internet, y la no transmisi\u00f3n de las mismas a terceros, salvo que estos intervengan en el desarrollo objeto del contrato.<\/p>\n<p>En el transcurso de sus visitas a nuestras p\u00e1ginas Festivalscup.com podr\u00e1 utilizar cookies, peque\u00f1os ficheros de datos que se almacenan en el sistema del usuario, que permitan personalizar y facilitar la navegaci\u00f3n del usuario por la p\u00e1gina web, y que se asocian a un usuario an\u00f3nimo sin que se puedan deducir datos personales del usuario. Estos cookies no contienen informaci\u00f3n confidencial que conciernan al usuario.<\/p>\n<p>Siempre podr\u00e1 desactivar las cookies en los par\u00e1metros del navegador. Esta desactivaci\u00f3n de cookies no impide el acceso del usuario a los contenidos de la p\u00e1gina web.<\/p>\n","protected":false},"excerpt":{"rendered":"<p>P\u00e1gina web: www.Festivalscup.com Domicilio social: C\/Camp d\u2019or, 79 17007-Girona Director de la publicaci\u00f3n: Los datos personales que el usuario debe facilitar son indispensables para el env\u00edo de los pedidos y redacci\u00f3n de facturas. La ausencia de estos datos conllevar\u00e1 la anulaci\u00f3n autom\u00e1tica de los pedidos. Al inscribirse en la p\u00e1gina, el usuario se compromete a [&hellip;]<\/p>\n","protected":false},"author":4,"featured_media":0,"parent":0,"menu_order":0,"comment_status":"closed","ping_status":"closed","template":"","meta":{"_acf_changed":false,"_genesis_hide_title":false,"_genesis_hide_breadcrumbs":false,"_genesis_hide_singular_image":false,"_genesis_hide_footer_widgets":false,"_genesis_custom_body_class":"","_genesis_custom_post_class":"","_genesis_layout":"","_joinchat":[],"footnotes":""},"class_list":{"0":"post-32054","1":"page","2":"type-page","3":"status-publish","5":"entry"},"acf":[],"_links":{"self":[{"href":"https:\/\/festivalscup.com\/en\/wp-json\/wp\/v2\/pages\/32054","targetHints":{"allow":["GET"]}}],"collection":[{"href":"https:\/\/festivalscup.com\/en\/wp-json\/wp\/v2\/pages"}],"about":[{"href":"https:\/\/festivalscup.com\/en\/wp-json\/wp\/v2\/types\/page"}],"author":[{"embeddable":true,"href":"https:\/\/festivalscup.com\/en\/wp-json\/wp\/v2\/users\/4"}],"replies":[{"embeddable":true,"href":"https:\/\/festivalscup.com\/en\/wp-json\/wp\/v2\/comments?post=32054"}],"version-history":[{"count":0,"href":"https:\/\/festivalscup.com\/en\/wp-json\/wp\/v2\/pages\/32054\/revisions"}],"wp:attachment":[{"href":"https:\/\/festivalscup.com\/en\/wp-json\/wp\/v2\/media?parent=32054"}],"curies":[{"name":"wp","href":"https:\/\/api.w.org\/{rel}","templated":true}]}}